{"id":20,"date":"2023-09-21T15:56:49","date_gmt":"2023-09-21T15:56:49","guid":{"rendered":"https:\/\/matchasuri.com.mx\/?page_id=20"},"modified":"2023-09-22T12:19:53","modified_gmt":"2023-09-22T12:19:53","slug":"terms-conditions","status":"publish","type":"page","link":"http:\/\/matchasuri.com.mx\/terms-conditions","title":{"rendered":"T\u00c9RMINOS Y CONDICIONES"},"content":{"rendered":"<div class=\"flex flex-grow flex-col gap-3 max-w-full\">\n<div class=\"min-h-[20px] flex flex-col items-start gap-3 overflow-x-auto whitespace-pre-wrap break-words\">\n<div class=\"markdown prose w-full break-words dark:prose-invert light\">\n<h3>1. DEFINICI\u00d3N DE T\u00c9RMINOS<\/h3>\n<p><b>1.1. &#8220;La Oferta P\u00fablica&#8221; (en lo sucesivo denominada la &#8220;Oferta&#8221;):<\/b> significa la invitaci\u00f3n p\u00fablica del vendedor a participar en un acuerdo de compra y venta (en lo sucesivo denominado el &#8220;Acuerdo&#8221;) basado en los t\u00e9rminos y condiciones descritos en este Acuerdo y sus ap\u00e9ndices que lo acompa\u00f1an, dirigidos a un grupo no especificado de personas.<\/p>\n<p><b>1.2. &#8220;Tienda en l\u00ednea&#8221;<\/b> se refiere al sitio web del Vendedor establecido con el prop\u00f3sito de ejecutar ofertas p\u00fablicas (contratos de compra y venta minorista) a trav\u00e9s de Internet (donde el Comprador no puede inspeccionar f\u00edsicamente los Bienes, es decir, venta a distancia). Esta plataforma facilita acuerdos entre el Vendedor y el Comprador, donde el Comprador toma una decisi\u00f3n de compra despu\u00e9s de revisar las ofertas del Vendedor, las representaciones fotogr\u00e1ficas de los Bienes y las descripciones proporcionadas por el Vendedor.<\/p>\n<p><b>1.3. &#8220;Pedido&#8221;: <\/b>significa la secci\u00f3n del sitio web del Vendedor que el Comprador completa, cumpliendo con los requisitos especificados en estos T\u00e9rminos, para adquirir el Producto de su elecci\u00f3n desde el sitio web o mediante la asistencia del Operador.<\/p>\n<p><b>1.4. &#8220;Bienes&#8221;: <\/b>abarca los productos disponibles para su compra en el sitio web del Vendedor.<\/p>\n<p><b>1.5. &#8220;Comprador&#8221;: <\/b>denota un consumidor que realiza un pedido en la tienda de Internet de acuerdo con los t\u00e9rminos del Acuerdo de Oferta P\u00fablica exclusivamente para fines personales, familiares, dom\u00e9sticos u otros fines no comerciales.<\/p>\n<h3>2. T\u00c9RMINOS GENERALES<\/h3>\n<p><b>2.1. Aceptaci\u00f3n de la Oferta: <\/b>La aceptaci\u00f3n de la Oferta por parte del Cliente se produce cuando realiza un Pedido de un Producto de acuerdo con las condiciones descritas en la Oferta y posteriormente lo env\u00eda al Vendedor.<\/p>\n<p><b>2.2. Acuerdo con los T\u00e9rminos de la Oferta: <\/b>El acto de un Comprador que solicita Productos a trav\u00e9s del sitio web de la tienda en l\u00ednea significa el acuerdo del Comprador con todas las estipulaciones presentadas en esta Oferta.<\/p>\n<p><b>2.3. Modificaci\u00f3n de la Oferta: <\/b>El Vendedor conserva la prerrogativa de modificar los t\u00e9rminos de la Oferta sin la obligaci\u00f3n de notificar previamente al Comprador.<\/p>\n<p><b>2.4. Duraci\u00f3n de la oferta: <\/b>A menos que se especifique lo contrario en el sitio web de la tienda de Internet, la Oferta sigue siendo v\u00e1lida indefinidamente.<\/p>\n<p><b>2.5. Suministro de informaci\u00f3n: <\/b>El Vendedor es responsable de proporcionar al Comprador informaci\u00f3n completa y precisa sobre los Bienes, que incluya detalles sobre los principales atributos de consumo de los Bienes y su lugar de fabricaci\u00f3n, tal como se presenta en el sitio web de la tienda de Internet.<\/p>\n<h3>3. PRECIOS<\/h3>\n<p><b>3.1. Precio del producto: <\/b>El precio de cada Producto individual se puede encontrar en el sitio web de la tienda en l\u00ednea.<\/p>\n<p><b>3.2. Ajuste de precios:<\/b> El Vendedor se reserva la autoridad de modificar los precios de los productos mostrados en el sitio web en cualquier momento, sin previo aviso y por cualquier motivo leg\u00edtimo.<\/p>\n<p><b>3.3. Protecci\u00f3n de precios: <\/b>una vez que un Comprador ha realizado un pedido, el precio de los productos solicitados permanece sin cambios y no se ve afectado.<\/p>\n<p><b>3.4. Costos de entrega: <\/b>El costo asociado con la entrega de los Bienes no est\u00e1 integrado en el precio de lista de los Bienes. El Vendedor detalla el costo de env\u00edo de los Bienes en el sitio web de la tienda de Internet o informa al Comprador de dichos costos cuando el pedido se realiza a trav\u00e9s del Operador. El Vendedor se reserva el derecho de modificar el costo de entrega de los Bienes despu\u00e9s de que el Operador haya iniciado el pedido.<\/p>\n<h3>4. PROCESO DE PEDIDO<\/h3>\n<p><b>4.1. Iniciar un pedido: <\/b>los compradores tienen la opci\u00f3n de realizar pedidos comunic\u00e1ndose con el operador por tel\u00e9fono o utilizando el servicio de la tienda en l\u00ednea.<\/p>\n<p><b>4.2. Detalles del pedido:<\/b> al crear un pedido, el Comprador debe proporcionar su apellido, nombre, la direcci\u00f3n de entrega designada para el Producto, el n\u00famero de tel\u00e9fono de contacto del Comprador y la direcci\u00f3n de correo electr\u00f3nico. Esta informaci\u00f3n puede ingresarse a trav\u00e9s del formulario de registro disponible en el sitio web de la tienda en l\u00ednea o transmitirse al Operador.<\/p>\n<p><b>4.3. Consentimiento de uso de datos:<\/b> al revelar informaci\u00f3n personal al Vendedor, el Comprador acepta el procesamiento de su informaci\u00f3n, que puede involucrar m\u00e9todos automatizados o no automatizados. Esto incluye la recopilaci\u00f3n, el almacenamiento, la transferencia (incluidas las transferencias transfronterizas a terceros) de datos y la utilizaci\u00f3n de la informaci\u00f3n proporcionada por el Vendedor para cumplir con las obligaciones con el Comprador seg\u00fan este Acuerdo. El Comprador tambi\u00e9n acepta recibir llamadas telef\u00f3nicas de los operadores del Vendedor, que pueden incluir notificaciones sobre la disponibilidad del producto, instrucciones de uso, detalles de precios y ofertas promocionales.<\/p>\n<p><b>4.4. Confirmaci\u00f3n de Pedido:<\/b> Para confirmar un Pedido, el Vendedor iniciar\u00e1 una llamada telef\u00f3nica al n\u00famero de tel\u00e9fono de contacto proporcionado por el Comprador.<\/p>\n<p><b>4.5. Informaci\u00f3n Adicional: <\/b>En los casos en que el Vendedor requiera informaci\u00f3n complementaria, tiene la autoridad de solicitarla al Comprador.<\/p>\n<p><b>4.6. Aceptaci\u00f3n del Acuerdo: <\/b>Proporcionar informaci\u00f3n personal como se describe en el p\u00e1rrafo 4.2., ya sea en el formulario de registro del sitio web o al Operador, significa la aceptaci\u00f3n completa e incondicional de este Acuerdo por parte del Comprador.<\/p>\n<p><b>4.7. Elegibilidad del comprador: <\/b>Los compradores deben tener al menos 18 a\u00f1os y poseer los medios financieros adecuados para cubrir el costo de los bienes.<\/p>\n<p><b>4.8. Responsabilidad de la precisi\u00f3n de los datos:<\/b> El Comprador es responsable de la exactitud y vigencia de la informaci\u00f3n proporcionada durante el proceso de realizaci\u00f3n del pedido.<\/p>\n<h3>5. ENTREGA Y ACEPTACI\u00d3N DEL SERVICIO<\/h3>\n<p><b>5.1. Entrega global:<\/b> los servicios de entrega est\u00e1n disponibles en todo el mundo a trav\u00e9s de varios m\u00e9todos especificados en el sitio web.<\/p>\n<p><b>5.2. Plazo de env\u00edo:<\/b> El plazo de entrega puede variar seg\u00fan la disponibilidad de los Bienes y teniendo en cuenta posibles retrasos postales o circunstancias de fuerza mayor, de las cuales el Vendedor no es responsable.<\/p>\n<p><b>5.3. Pago en efectivo al momento de la entrega:<\/b> los compradores deben pagar los Productos en efectivo directamente al servicio de mensajer\u00eda al momento de la entrega.<\/p>\n<p><b>5.4. Responsabilidad Fiscal:<\/b> El Vendedor no es responsable del pago de impuestos y otras tarifas dentro del pa\u00eds del Destinatario. Todos los impuestos y tarifas relacionados con la compra y entrega de Bienes al Comprador son responsabilidad del Comprador.<\/p>\n<p><b>5.5. Lugar de entrega:<\/b> El Comprador especifica el lugar de entrega al realizar un Pedido en el sitio web o a trav\u00e9s del Operador.<\/p>\n<p><b>5.6. Discrepancia de precio:<\/b> en caso de un precio incorrecto de los Bienes solicitados por el Comprador, el Vendedor se comunica de inmediato con el Comprador para informarle y solicitar confirmaci\u00f3n del Pedido con el precio corregido o cancelar el Pedido. Si no se puede establecer contacto con el Comprador, el Pedido queda cancelado.<\/p>\n<p><b>5.7. Conforme al pedido: <\/b>Los Bienes se entregan al Comprador de acuerdo con los precios, nombres, cantidades y surtido especificados en el Pedido del Comprador el d\u00eda en que se realiza el Pedido. El embalaje, apariencia y composici\u00f3n del producto pueden variar ligeramente de las ilustraciones mostradas en el sitio web.<\/p>\n<\/div>\n<\/div>\n<\/div>\n","protected":false},"excerpt":{"rendered":"<p>1. DEFINICI\u00d3N DE T\u00c9RMINOS 1.1. &#8220;La Oferta P\u00fablica&#8221; (en lo sucesivo denominada la &#8220;Oferta&#8221;): significa&#8230;<\/p>\n","protected":false},"author":1,"featured_media":0,"parent":0,"menu_order":0,"comment_status":"closed","ping_status":"closed","template":"","meta":{"cybocfi_hide_featured_image":"","footnotes":""},"class_list":["post-20","page","type-page","status-publish","hentry"],"_links":{"self":[{"href":"https:\/\/matchasuri.com.mx\/index.php?rest_route=\/wp\/v2\/pages\/20","targetHints":{"allow":["GET"]}}],"collection":[{"href":"https:\/\/matchasuri.com.mx\/index.php?rest_route=\/wp\/v2\/pages"}],"about":[{"href":"https:\/\/matchasuri.com.mx\/index.php?rest_route=\/wp\/v2\/types\/page"}],"author":[{"embeddable":true,"href":"https:\/\/matchasuri.com.mx\/index.php?rest_route=\/wp\/v2\/users\/1"}],"replies":[{"embeddable":true,"href":"https:\/\/matchasuri.com.mx\/index.php?rest_route=%2Fwp%2Fv2%2Fcomments&post=20"}],"version-history":[{"count":2,"href":"https:\/\/matchasuri.com.mx\/index.php?rest_route=\/wp\/v2\/pages\/20\/revisions"}],"predecessor-version":[{"id":30,"href":"https:\/\/matchasuri.com.mx\/index.php?rest_route=\/wp\/v2\/pages\/20\/revisions\/30"}],"wp:attachment":[{"href":"https:\/\/matchasuri.com.mx\/index.php?rest_route=%2Fwp%2Fv2%2Fmedia&parent=20"}],"curies":[{"name":"wp","href":"https:\/\/api.w.org\/{rel}","templated":true}]}}